{"id":539,"date":"2024-07-06T11:32:10","date_gmt":"2024-07-06T08:32:10","guid":{"rendered":"https:\/\/esiventure.com.tr\/?page_id=539"},"modified":"2024-07-06T11:32:10","modified_gmt":"2024-07-06T08:32:10","slug":"is-basvuru-2","status":"publish","type":"page","link":"https:\/\/esiventure.com.tr\/index.php\/is-basvuru-2\/","title":{"rendered":"\u0130\u015f Ba\u015fvuru"},"content":{"rendered":"","protected":false},"excerpt":{"rendered":"","protected":false},"author":1,"featured_media":0,"parent":0,"menu_order":0,"comment_status":"closed","ping_status":"closed","template":"","meta":[],"_links":{"self":[{"href":"https:\/\/esiventure.com.tr\/index.php\/wp-json\/wp\/v2\/pages\/539"}],"collection":[{"href":"https:\/\/esiventure.com.tr\/index.php\/wp-json\/wp\/v2\/pages"}],"about":[{"href":"https:\/\/esiventure.com.tr\/index.php\/wp-json\/wp\/v2\/types\/page"}],"author":[{"embeddable":true,"href":"https:\/\/esiventure.com.tr\/index.php\/wp-json\/wp\/v2\/users\/1"}],"replies":[{"embeddable":true,"href":"https:\/\/esiventure.com.tr\/index.php\/wp-json\/wp\/v2\/comments?post=539"}],"version-history":[{"count":1,"href":"https:\/\/esiventure.com.tr\/index.php\/wp-json\/wp\/v2\/pages\/539\/revisions"}],"predecessor-version":[{"id":541,"href":"https:\/\/esiventure.com.tr\/index.php\/wp-json\/wp\/v2\/pages\/539\/revisions\/541"}],"wp:attachment":[{"href":"https:\/\/esiventure.com.tr\/index.php\/wp-json\/wp\/v2\/media?parent=539"}],"curies":[{"name":"wp","href":"https:\/\/api.w.org\/{rel}","templated":true}]}}