{"id":524,"date":"2024-07-06T11:30:41","date_gmt":"2024-07-06T08:30:41","guid":{"rendered":"https:\/\/esiventure.com.tr\/?page_id=524"},"modified":"2025-11-19T15:38:02","modified_gmt":"2025-11-19T12:38:02","slug":"yatirim-basvuru","status":"publish","type":"page","link":"https:\/\/esiventure.com.tr\/index.php\/yatirim-basvuru\/","title":{"rendered":"Hadi Projenizi Konu\u015fal\u0131m !"},"content":{"rendered":"\n\n\t\t<h3>Yeni bir fikriniz mi var ?<\/h3>\n\t\t<p>Yenilik\u00e7i fikirleriniz i\u00e7in bizimle ileti\u015fime ge\u00e7ebilirsiniz.<\/p>\n\t\t\t<a href=\"mailto:bilgi@esiventure.com.tr\" target=\"_self\" rel=\"noopener\">\n\t\t\t\t\t\te-posta\n\t\t\t\t\t<\/a>\n\t<style id=\"wpforms-css-vars-589\">\n\t\t\t\t#wpforms-589 {\n\t\t\t\t\n\t\t\t}\n\t\t\t<\/style><div class=\"wpforms-container wpforms-container-full wpforms-render-modern\" id=\"wpforms-589\"><form id=\"wpforms-form-589\" class=\"wpforms-validate wpforms-form wpforms-ajax-form\" data-formid=\"589\" method=\"post\" enctype=\"multipart\/form-data\" action=\"\/index.php\/wp-json\/wp\/v2\/pages\/524\" data-token=\"ff6be4e8d88cd7c00472c6c2323241d3\" data-token-time=\"1776198863\"><noscript class=\"wpforms-error-noscript\">Bu formu bitirebilmek i\u00e7in taray\u0131c\u0131n\u0131zda JavaScript&#039;i etkinle\u015ftirin.<\/noscript><div id=\"wpforms-error-noscript\" style=\"display: none;\">Bu formu bitirebilmek i\u00e7in taray\u0131c\u0131n\u0131zda JavaScript&#039;i etkinle\u015ftirin.<\/div><div class=\"wpforms-field-container\"><div id=\"wpforms-589-field_0-container\" class=\"wpforms-field wpforms-field-name\" data-field-id=\"0\"><fieldset><legend class=\"wpforms-field-label\">Ad\u0131 Soyad\u0131 <span class=\"wpforms-required-label\" aria-hidden=\"true\">*<\/span><\/legend><div class=\"wpforms-field-row wpforms-field-medium\"><div class=\"wpforms-field-row-block wpforms-first wpforms-one-half\"><input type=\"text\" id=\"wpforms-589-field_0\" class=\"wpforms-field-name-first wpforms-field-required\" name=\"wpforms[fields][0][first]\" aria-errormessage=\"wpforms-589-field_0-error\" required><label for=\"wpforms-589-field_0\" class=\"wpforms-field-sublabel after\">Ad<\/label><\/div><div class=\"wpforms-field-row-block wpforms-one-half\"><input type=\"text\" id=\"wpforms-589-field_0-last\" class=\"wpforms-field-name-last wpforms-field-required\" name=\"wpforms[fields][0][last]\" aria-errormessage=\"wpforms-589-field_0-last-error\" required><label for=\"wpforms-589-field_0-last\" class=\"wpforms-field-sublabel after\">Soyad<\/label><\/div><\/div><\/fieldset><\/div><div id=\"wpforms-589-field_1-container\" class=\"wpforms-field wpforms-field-email\" data-field-id=\"1\"><label class=\"wpforms-field-label\" for=\"wpforms-589-field_1\">E-posta <span class=\"wpforms-required-label\" aria-hidden=\"true\">*<\/span><\/label><input type=\"email\" id=\"wpforms-589-field_1\" class=\"wpforms-field-medium wpforms-field-required\" name=\"wpforms[fields][1]\" spellcheck=\"false\" aria-errormessage=\"wpforms-589-field_1-error\" required><\/div><div id=\"wpforms-589-field_3-container\" class=\"wpforms-field wpforms-field-number\" data-field-id=\"3\"><label class=\"wpforms-field-label\" for=\"wpforms-589-field_3\">Telefon numaras\u0131<\/label><input type=\"number\" id=\"wpforms-589-field_3\" class=\"wpforms-field-medium\" name=\"wpforms[fields][3]\" step=\"any\" aria-errormessage=\"wpforms-589-field_3-error\" ><\/div><div id=\"wpforms-589-field_4-container\" class=\"wpforms-field wpforms-field-text\" data-field-id=\"4\"><label class=\"wpforms-field-label\" for=\"wpforms-589-field_4\">Linkedin URL<\/label><input type=\"text\" id=\"wpforms-589-field_4\" class=\"wpforms-field-medium\" name=\"wpforms[fields][4]\" aria-errormessage=\"wpforms-589-field_4-error\" ><\/div><div id=\"wpforms-589-field_5-container\" class=\"wpforms-field wpforms-field-text\" data-field-id=\"5\"><label class=\"wpforms-field-label\" for=\"wpforms-589-field_5\">Ba\u015fvuru yeri<\/label><input type=\"text\" id=\"wpforms-589-field_5\" class=\"wpforms-field-medium\" name=\"wpforms[fields][5]\" aria-errormessage=\"wpforms-589-field_5-error\" ><\/div><div id=\"wpforms-589-field_6-container\" class=\"wpforms-field wpforms-field-text\" data-field-id=\"6\"><label class=\"wpforms-field-label\" for=\"wpforms-589-field_6\">Meslek<\/label><input type=\"text\" id=\"wpforms-589-field_6\" class=\"wpforms-field-medium\" name=\"wpforms[fields][6]\" aria-errormessage=\"wpforms-589-field_6-error\" ><\/div><div id=\"wpforms-589-field_7-container\" class=\"wpforms-field wpforms-field-checkbox\" data-field-id=\"7\"><fieldset><legend class=\"wpforms-field-label\">\u00c7al\u0131\u015fma durumu<\/legend><ul id=\"wpforms-589-field_7\"><li class=\"choice-1 depth-1\"><input type=\"checkbox\" id=\"wpforms-589-field_7_1\" name=\"wpforms[fields][7][]\" value=\"\u00c7al\u0131\u015f\u0131yorum\" aria-errormessage=\"wpforms-589-field_7_1-error\"  ><label class=\"wpforms-field-label-inline\" for=\"wpforms-589-field_7_1\">\u00c7al\u0131\u015f\u0131yorum<\/label><\/li><li class=\"choice-2 depth-1\"><input type=\"checkbox\" id=\"wpforms-589-field_7_2\" name=\"wpforms[fields][7][]\" value=\"\u00c7al\u0131\u015fm\u0131yorum\" aria-errormessage=\"wpforms-589-field_7_2-error\"  ><label class=\"wpforms-field-label-inline\" for=\"wpforms-589-field_7_2\">\u00c7al\u0131\u015fm\u0131yorum<\/label><\/li><\/ul><\/fieldset><\/div><div id=\"wpforms-589-field_8-container\" class=\"wpforms-field wpforms-field-text\" data-field-id=\"8\"><label class=\"wpforms-field-label\" for=\"wpforms-589-field_8\">Giri\u015fim Ad\u0131 <\/label><input type=\"text\" id=\"wpforms-589-field_8\" class=\"wpforms-field-medium\" name=\"wpforms[fields][8]\" aria-errormessage=\"wpforms-589-field_8-error\" ><\/div><div id=\"wpforms-589-field_2-container\" class=\"wpforms-field wpforms-field-textarea\" data-field-id=\"2\"><label class=\"wpforms-field-label\" for=\"wpforms-589-field_2\">Giri\u015fiminizin ne yapt\u0131\u011f\u0131 <\/label><textarea id=\"wpforms-589-field_2\" class=\"wpforms-field-medium\" name=\"wpforms[fields][2]\" aria-errormessage=\"wpforms-589-field_2-error\" ><\/textarea><\/div><div id=\"wpforms-589-field_14-container\" class=\"wpforms-field wpforms-field-textarea\" data-field-id=\"14\"><label class=\"wpforms-field-label\" for=\"wpforms-589-field_14\">Giri\u015fiminizin \u00f6zeti<\/label><textarea id=\"wpforms-589-field_14\" class=\"wpforms-field-medium\" name=\"wpforms[fields][14]\" aria-errormessage=\"wpforms-589-field_14-error\" ><\/textarea><\/div><div id=\"wpforms-589-field_11-container\" class=\"wpforms-field wpforms-field-text\" data-field-id=\"11\"><label class=\"wpforms-field-label\" for=\"wpforms-589-field_11\">M\u00fc\u015fteri hedef kitleniz<\/label><input type=\"text\" id=\"wpforms-589-field_11\" class=\"wpforms-field-medium\" name=\"wpforms[fields][11]\" aria-errormessage=\"wpforms-589-field_11-error\" ><\/div><div id=\"wpforms-589-field_12-container\" class=\"wpforms-field wpforms-field-text\" data-field-id=\"12\"><label class=\"wpforms-field-label\" for=\"wpforms-589-field_12\">Piyasadaki benzer ve rakip \u00fcr\u00fcnler neler? <\/label><input type=\"text\" id=\"wpforms-589-field_12\" class=\"wpforms-field-medium\" name=\"wpforms[fields][12]\" aria-errormessage=\"wpforms-589-field_12-error\" ><\/div><div id=\"wpforms-589-field_13-container\" class=\"wpforms-field wpforms-field-text\" data-field-id=\"13\"><label class=\"wpforms-field-label\" for=\"wpforms-589-field_13\">Sizin \u00fcr\u00fcn\u00fcn\u00fcz\/hizmetiniz hangi y\u00f6n\u00fcyle bu \u00fcr\u00fcnlerden ayr\u0131\u015f\u0131yor? <\/label><input type=\"text\" id=\"wpforms-589-field_13\" class=\"wpforms-field-medium\" name=\"wpforms[fields][13]\" aria-errormessage=\"wpforms-589-field_13-error\" ><\/div><\/div><!-- .wpforms-field-container --><div class=\"wpforms-submit-container\" ><input type=\"hidden\" name=\"wpforms[id]\" value=\"589\"><input type=\"hidden\" name=\"page_title\" value=\"\"><input type=\"hidden\" name=\"page_url\" value=\"https:\/\/esiventure.com.tr\/index.php\/wp-json\/wp\/v2\/pages\/524\"><input type=\"hidden\" name=\"url_referer\" value=\"\"><button type=\"submit\" name=\"wpforms[submit]\" id=\"wpforms-submit-589\" class=\"wpforms-submit\" data-alt-text=\"G\u00f6nderiliyor...\" data-submit-text=\"G\u00f6nder\" aria-live=\"assertive\" value=\"wpforms-submit\">G\u00f6nder<\/button><img src=\"https:\/\/esiventure.com.tr\/wp-content\/plugins\/wpforms-lite\/assets\/images\/submit-spin.svg\" class=\"wpforms-submit-spinner\" style=\"display: none;\" width=\"26\" height=\"26\" alt=\"Y\u00fckleniyor\"><\/div><\/form><\/div>  <!-- .wpforms-container -->\n\n","protected":false},"excerpt":{"rendered":"<p>Yeni bir fikriniz mi var ? Yenilik\u00e7i fikirleriniz i\u00e7in bizimle ileti\u015fime ge\u00e7ebilirsiniz. e-posta<\/p>\n","protected":false},"author":1,"featured_media":0,"parent":0,"menu_order":0,"comment_status":"closed","ping_status":"closed","template":"","meta":[],"_links":{"self":[{"href":"https:\/\/esiventure.com.tr\/index.php\/wp-json\/wp\/v2\/pages\/524"}],"collection":[{"href":"https:\/\/esiventure.com.tr\/index.php\/wp-json\/wp\/v2\/pages"}],"about":[{"href":"https:\/\/esiventure.com.tr\/index.php\/wp-json\/wp\/v2\/types\/page"}],"author":[{"embeddable":true,"href":"https:\/\/esiventure.com.tr\/index.php\/wp-json\/wp\/v2\/users\/1"}],"replies":[{"embeddable":true,"href":"https:\/\/esiventure.com.tr\/index.php\/wp-json\/wp\/v2\/comments?post=524"}],"version-history":[{"count":11,"href":"https:\/\/esiventure.com.tr\/index.php\/wp-json\/wp\/v2\/pages\/524\/revisions"}],"predecessor-version":[{"id":1408,"href":"https:\/\/esiventure.com.tr\/index.php\/wp-json\/wp\/v2\/pages\/524\/revisions\/1408"}],"wp:attachment":[{"href":"https:\/\/esiventure.com.tr\/index.php\/wp-json\/wp\/v2\/media?parent=524"}],"curies":[{"name":"wp","href":"https:\/\/api.w.org\/{rel}","templated":true}]}}