{"id":48,"date":"2024-06-03T07:55:57","date_gmt":"2024-06-03T07:55:57","guid":{"rendered":"https:\/\/esiventure.com.tr\/?page_id=48"},"modified":"2025-11-19T15:37:32","modified_gmt":"2025-11-19T12:37:32","slug":"basvuru","status":"publish","type":"page","link":"https:\/\/esiventure.com.tr\/index.php\/basvuru\/","title":{"rendered":"Ba\u015fvuru"},"content":{"rendered":"\n\n\t\t<h3>Yeni bir i\u015fe mi ihtiyac\u0131n var?<\/h3>\n\t\t<p>Kariyer yolcu\u011funuzda birlikte yol alal\u0131m .<\/p>\n\t\t\t<a href=\"mailto:bilgi@esiventure.com.tr\" target=\"_self\" rel=\"noopener\">\n\t\t\t\t\t\te-posta\n\t\t\t\t\t<\/a>\n\t<style id=\"wpforms-css-vars-72\">\n\t\t\t\t#wpforms-72 {\n\t\t\t\t\n\t\t\t}\n\t\t\t<\/style><div class=\"wpforms-container wpforms-container-full wpforms-render-modern\" id=\"wpforms-72\"><form id=\"wpforms-form-72\" class=\"wpforms-validate wpforms-form wpforms-ajax-form\" data-formid=\"72\" method=\"post\" enctype=\"multipart\/form-data\" action=\"\/index.php\/wp-json\/wp\/v2\/pages\/48\" data-token=\"8bb0b28925a969310b634c6013129e6f\" data-token-time=\"1777698622\"><noscript class=\"wpforms-error-noscript\">Bu formu bitirebilmek i\u00e7in taray\u0131c\u0131n\u0131zda JavaScript&#039;i etkinle\u015ftirin.<\/noscript><div id=\"wpforms-error-noscript\" style=\"display: none;\">Bu formu bitirebilmek i\u00e7in taray\u0131c\u0131n\u0131zda JavaScript&#039;i etkinle\u015ftirin.<\/div><div class=\"wpforms-field-container\"><div id=\"wpforms-72-field_0-container\" class=\"wpforms-field wpforms-field-name\" data-field-id=\"0\"><fieldset><legend class=\"wpforms-field-label\">Ad\u0131 Soyad\u0131 <span class=\"wpforms-required-label\" aria-hidden=\"true\">*<\/span><\/legend><div class=\"wpforms-field-row wpforms-field-medium\"><div class=\"wpforms-field-row-block wpforms-first wpforms-one-half\"><input type=\"text\" id=\"wpforms-72-field_0\" class=\"wpforms-field-name-first wpforms-field-required\" name=\"wpforms[fields][0][first]\" aria-errormessage=\"wpforms-72-field_0-error\" required><label for=\"wpforms-72-field_0\" class=\"wpforms-field-sublabel after\">Ad<\/label><\/div><div class=\"wpforms-field-row-block wpforms-one-half\"><input type=\"text\" id=\"wpforms-72-field_0-last\" class=\"wpforms-field-name-last wpforms-field-required\" name=\"wpforms[fields][0][last]\" aria-errormessage=\"wpforms-72-field_0-last-error\" required><label for=\"wpforms-72-field_0-last\" class=\"wpforms-field-sublabel after\">Soyad<\/label><\/div><\/div><\/fieldset><\/div><div id=\"wpforms-72-field_1-container\" class=\"wpforms-field wpforms-field-email\" data-field-id=\"1\"><label class=\"wpforms-field-label\" for=\"wpforms-72-field_1\">E-posta <span class=\"wpforms-required-label\" aria-hidden=\"true\">*<\/span><\/label><input type=\"email\" id=\"wpforms-72-field_1\" class=\"wpforms-field-medium wpforms-field-required\" name=\"wpforms[fields][1]\" spellcheck=\"false\" aria-errormessage=\"wpforms-72-field_1-error\" required><\/div><div id=\"wpforms-72-field_3-container\" class=\"wpforms-field wpforms-field-text\" data-field-id=\"3\"><label class=\"wpforms-field-label\" for=\"wpforms-72-field_3\">Cep Telefon Numaran\u0131z<\/label><input type=\"text\" id=\"wpforms-72-field_3\" class=\"wpforms-field-medium\" name=\"wpforms[fields][3]\" aria-errormessage=\"wpforms-72-field_3-error\" ><\/div><div id=\"wpforms-72-field_2-container\" class=\"wpforms-field wpforms-field-textarea\" data-field-id=\"2\"><label class=\"wpforms-field-label\" for=\"wpforms-72-field_2\">Yetklinliklerinizi k\u0131saca yaz\u0131n\u0131z.<\/label><textarea id=\"wpforms-72-field_2\" class=\"wpforms-field-medium\" name=\"wpforms[fields][2]\" aria-errormessage=\"wpforms-72-field_2-error\" ><\/textarea><\/div><\/div><!-- .wpforms-field-container --><div class=\"wpforms-submit-container\" ><input type=\"hidden\" name=\"wpforms[id]\" value=\"72\"><input type=\"hidden\" name=\"page_title\" value=\"\"><input type=\"hidden\" name=\"page_url\" value=\"https:\/\/esiventure.com.tr\/index.php\/wp-json\/wp\/v2\/pages\/48\"><input type=\"hidden\" name=\"url_referer\" value=\"\"><button type=\"submit\" name=\"wpforms[submit]\" id=\"wpforms-submit-72\" class=\"wpforms-submit\" data-alt-text=\"G\u00f6nderiliyor...\" data-submit-text=\"G\u00f6nder\" aria-live=\"assertive\" value=\"wpforms-submit\">G\u00f6nder<\/button><img src=\"https:\/\/esiventure.com.tr\/wp-content\/plugins\/wpforms-lite\/assets\/images\/submit-spin.svg\" class=\"wpforms-submit-spinner\" style=\"display: none;\" width=\"26\" height=\"26\" alt=\"Y\u00fckleniyor\"><\/div><\/form><\/div>  <!-- .wpforms-container -->\n\n","protected":false},"excerpt":{"rendered":"<p>Yeni bir i\u015fe mi ihtiyac\u0131n var? Kariyer yolcu\u011funuzda birlikte yol alal\u0131m . e-posta<\/p>\n","protected":false},"author":1,"featured_media":0,"parent":0,"menu_order":0,"comment_status":"closed","ping_status":"closed","template":"","meta":[],"_links":{"self":[{"href":"https:\/\/esiventure.com.tr\/index.php\/wp-json\/wp\/v2\/pages\/48"}],"collection":[{"href":"https:\/\/esiventure.com.tr\/index.php\/wp-json\/wp\/v2\/pages"}],"about":[{"href":"https:\/\/esiventure.com.tr\/index.php\/wp-json\/wp\/v2\/types\/page"}],"author":[{"embeddable":true,"href":"https:\/\/esiventure.com.tr\/index.php\/wp-json\/wp\/v2\/users\/1"}],"replies":[{"embeddable":true,"href":"https:\/\/esiventure.com.tr\/index.php\/wp-json\/wp\/v2\/comments?post=48"}],"version-history":[{"count":9,"href":"https:\/\/esiventure.com.tr\/index.php\/wp-json\/wp\/v2\/pages\/48\/revisions"}],"predecessor-version":[{"id":1407,"href":"https:\/\/esiventure.com.tr\/index.php\/wp-json\/wp\/v2\/pages\/48\/revisions\/1407"}],"wp:attachment":[{"href":"https:\/\/esiventure.com.tr\/index.php\/wp-json\/wp\/v2\/media?parent=48"}],"curies":[{"name":"wp","href":"https:\/\/api.w.org\/{rel}","templated":true}]}}