{"id":1082,"date":"2024-07-29T16:39:31","date_gmt":"2024-07-29T13:39:31","guid":{"rendered":"https:\/\/esiventure.com.tr\/?page_id=1082"},"modified":"2025-11-20T15:58:55","modified_gmt":"2025-11-20T12:58:55","slug":"yatirimlarimiz","status":"publish","type":"page","link":"https:\/\/esiventure.com.tr\/index.php\/yatirimlarimiz\/","title":{"rendered":"Yat\u0131r\u0131mlar\u0131m\u0131z"},"content":{"rendered":"\n\n\t<p>&nbsp;<\/p>\n<p><a href=\"http:\/\/zephlex.com\" target=\"_blank\" rel=\"noopener\"><img loading=\"lazy\" src=\"https:\/\/esiventure.com.tr\/wp-content\/uploads\/2025\/11\/Zephlex_01-300x56.png\" alt=\"Zephlex\" width=\"300\" height=\"56\" \/><\/a><\/p>\n<p>Sentiment Algo\u00a0markas\u0131 alt\u0131nda T\u00fcrkiye&#8217;nin \u00f6nde gelen arac\u0131 kurumlar\u0131na ve portf\u00f6y y\u00f6netim \u015firketlerine \u00e7\u00f6z\u00fcm odakl\u0131 hizmetler sunan , ayn\u0131 zamanda geni\u015f bir bireysel m\u00fc\u015fteri kitlesine web ve mobil tabanl\u0131 uygulamalar arac\u0131l\u0131\u011f\u0131yla hizmet veren davran\u0131\u015fsal analiz \u00fczerine kurulu yapay zeka destekli y\u00fcksek teknoloji \u00fcr\u00fcn\u00fc algoritmalar\u0131 ile finansal piyasalar\u0131n \u00f6nde gelen ve g\u00fcvenilir markalar\u0131ndan biri olmay\u0131 ba\u015faran Zephlex Bilgi Teknolojilerine 15 ocak 2024&#8217;te %10 luk k\u0131sm\u0131na yat\u0131r\u0131m yap\u0131lm\u0131\u015ft\u0131r.<\/p>\n\n","protected":false},"excerpt":{"rendered":"<p>&nbsp; Sentiment Algo\u00a0markas\u0131 alt\u0131nda T\u00fcrkiye&#8217;nin \u00f6nde gelen arac\u0131 kurumlar\u0131na ve portf\u00f6y y\u00f6netim \u015firketlerine \u00e7\u00f6z\u00fcm odakl\u0131 hizmetler sunan , ayn\u0131 zamanda geni\u015f bir bireysel m\u00fc\u015fteri kitlesine web ve mobil tabanl\u0131 uygulamalar arac\u0131l\u0131\u011f\u0131yla hizmet veren davran\u0131\u015fsal analiz \u00fczerine kurulu yapay zeka destekli y\u00fcksek teknoloji \u00fcr\u00fcn\u00fc algoritmalar\u0131 ile finansal piyasalar\u0131n \u00f6nde gelen ve g\u00fcvenilir markalar\u0131ndan biri olmay\u0131 ba\u015faran [&hellip;]<\/p>\n","protected":false},"author":1,"featured_media":0,"parent":0,"menu_order":0,"comment_status":"closed","ping_status":"closed","template":"","meta":[],"_links":{"self":[{"href":"https:\/\/esiventure.com.tr\/index.php\/wp-json\/wp\/v2\/pages\/1082"}],"collection":[{"href":"https:\/\/esiventure.com.tr\/index.php\/wp-json\/wp\/v2\/pages"}],"about":[{"href":"https:\/\/esiventure.com.tr\/index.php\/wp-json\/wp\/v2\/types\/page"}],"author":[{"embeddable":true,"href":"https:\/\/esiventure.com.tr\/index.php\/wp-json\/wp\/v2\/users\/1"}],"replies":[{"embeddable":true,"href":"https:\/\/esiventure.com.tr\/index.php\/wp-json\/wp\/v2\/comments?post=1082"}],"version-history":[{"count":19,"href":"https:\/\/esiventure.com.tr\/index.php\/wp-json\/wp\/v2\/pages\/1082\/revisions"}],"predecessor-version":[{"id":1679,"href":"https:\/\/esiventure.com.tr\/index.php\/wp-json\/wp\/v2\/pages\/1082\/revisions\/1679"}],"wp:attachment":[{"href":"https:\/\/esiventure.com.tr\/index.php\/wp-json\/wp\/v2\/media?parent=1082"}],"curies":[{"name":"wp","href":"https:\/\/api.w.org\/{rel}","templated":true}]}}